{"id":712,"date":"2026-01-27T13:41:33","date_gmt":"2026-01-27T13:41:33","guid":{"rendered":"https:\/\/staging.yorrx.com\/?page_id=712"},"modified":"2026-01-27T13:41:33","modified_gmt":"2026-01-27T13:41:33","slug":"impressum","status":"publish","type":"page","link":"https:\/\/yorrx.com\/en\/impressum\/","title":{"rendered":"Imprint"},"content":{"rendered":"<p>&nbsp;<strong>Responsible for the content<\/strong><\/p>\n\n\n\n<p><strong>Yorrxshire United&nbsp;GmbH<\/strong><\/p>\n\n\n\n<p><strong>Obere Hauptstrasse 65<\/strong><\/p>\n\n\n\n<p><strong>A-7035 Steinbrunn \/ Austria<\/strong><\/p>\n\n\n\n<p><br>Tel.: +43 678\/1267822 (DE + English)<\/p>\n\n\n\n<p>Tel: +43 660\/5442272 (Fr + IT + ES)<\/p>\n\n\n\n<p><a href=\"mailto:kaelin@yorrx.com\">kaelin@yorrx.com<\/a><\/p>\n\n\n\n<p>Court of registration: Landesgericht Eisenstadt, FN 613421 s<\/p>\n\n\n\n<p>Owner: Sabine K\u00e4lin &amp; DI (FH) Ewald K\u00e4lin, MBA<\/p>\n\n\n\n<p><br>Mitglied der Wirtschaftskammer Burgenland\/\u00d6sterreich f\u00fcr Allgemeinen Onlinehandel<br>Firmengericht: Landesgericht Eisenstadt Umgebung<br>Beh\u00f6rde gem. ECG (E-Commerce Gesetz): Bezirkshauptmannschaft Eisenstadt\/Umgebung<\/p>\n\n\n\n<p>Austria VAT number: ATU79899415<\/p>\n\n\n\n<p>United Kingdom VAT number: GB306183327<\/p>\n\n\n\n<p>The company is registered to the&nbsp;<a href=\"https:\/\/www.usp.gv.at\/en\/steuern-finanzen\/umsatzsteuer\/Umsatzsteuer-One-Stop-Shop\/EU-OSS.html\"><abbr title=\"european union\">EU<\/abbr>&#8211;<abbr title=\"one-stop-shop\">OSS<\/abbr><\/a>, and&nbsp;declares&nbsp;B2C&nbsp;services,&nbsp;<a href=\"https:\/\/www.usp.gv.at\/en\/steuern-finanzen\/umsatzsteuer\/umsaetze-mit-auslandsbezug\/innergemeinschaftlicher-versandhandel.html\">intra-Community distance sales of goods<\/a>&nbsp;to each EU country national financial authoritiy and in accordance with each national applicable VAT percentage and value.&nbsp;<\/p>\n\n\n\n<p>Yorrxshire United GmbH is responsible for the content, and all image rights are also held by Yorrxshire United GmbH unless otherwise stated.&nbsp;<\/p>\n\n\n\n<p>Disclaimer: Yorrxshire United GmbH hereby expressly distances itself from all contents of external links on this website. The respective authors and creators are solely responsible for the content of linked sites and guestbook entries. Any misuse or unauthorized use of the disclosed information, trademarks (word &amp; image), as well as other images, texts, or possible blog posts will be prosecuted accordingly.&nbsp;<\/p>","protected":false},"excerpt":{"rendered":"<p>&nbsp;F\u00fcr den Inhalt verantwortlich Yorrxshire United&nbsp;GmbH Obere Hauptstrasse 65 A-7035 Steinbrunn \/ \u00d6sterreich Tel.: +43 678\/1267822 (DE + English) Tel: +43 660\/5442272 (Fr + IT + ES) kaelin@yorrx.com Registergericht: Landesgericht Eisenstadt, FN 613421 s Gesch\u00e4ftsf\u00fchrer:&nbsp; Sabine K\u00e4lin &amp; DI (FH) Ewald K\u00e4lin, MBA Mitglied der Wirtschaftskammer Burgenland\/\u00d6sterreich f\u00fcr Allgemeinen OnlinehandelFirmengericht: Landesgericht Eisenstadt UmgebungBeh\u00f6rde gem. ECG [&hellip;]<\/p>\n","protected":false},"author":1,"featured_media":0,"parent":0,"menu_order":0,"comment_status":"closed","ping_status":"closed","template":"page-with-title","meta":{"_monsterinsights_skip_tracking":false,"_monsterinsights_sitenote_active":false,"_monsterinsights_sitenote_note":"","_monsterinsights_sitenote_category":0,"_uf_show_specific_survey":0,"_uf_disable_surveys":false,"footnotes":""},"class_list":["post-712","page","type-page","status-publish","hentry"],"aioseo_notices":[],"jetpack_sharing_enabled":true,"_links":{"self":[{"href":"https:\/\/yorrx.com\/en\/wp-json\/wp\/v2\/pages\/712","targetHints":{"allow":["GET"]}}],"collection":[{"href":"https:\/\/yorrx.com\/en\/wp-json\/wp\/v2\/pages"}],"about":[{"href":"https:\/\/yorrx.com\/en\/wp-json\/wp\/v2\/types\/page"}],"author":[{"embeddable":true,"href":"https:\/\/yorrx.com\/en\/wp-json\/wp\/v2\/users\/1"}],"replies":[{"embeddable":true,"href":"https:\/\/yorrx.com\/en\/wp-json\/wp\/v2\/comments?post=712"}],"version-history":[{"count":1,"href":"https:\/\/yorrx.com\/en\/wp-json\/wp\/v2\/pages\/712\/revisions"}],"predecessor-version":[{"id":858,"href":"https:\/\/yorrx.com\/en\/wp-json\/wp\/v2\/pages\/712\/revisions\/858"}],"wp:attachment":[{"href":"https:\/\/yorrx.com\/en\/wp-json\/wp\/v2\/media?parent=712"}],"curies":[{"name":"wp","href":"https:\/\/api.w.org\/{rel}","templated":true}]}}