{"id":1023,"date":"2026-01-30T15:03:08","date_gmt":"2026-01-30T14:03:08","guid":{"rendered":"https:\/\/staging.yorrx.com\/?post_type=product&#038;p=1023"},"modified":"2026-04-04T07:37:33","modified_gmt":"2026-04-04T06:37:33","slug":"yorrx-golfball-marker-fuer-green-alu-markierung-illusion-mit-magnet","status":"publish","type":"product","link":"https:\/\/yorrx.com\/en\/product\/yorrx-golfball-marker-fuer-green-alu-markierung-illusion-mit-magnet\/","title":{"rendered":"Golfball Marker ILLU \u2013 Clip-On magnetischer ALU-Ballmarker"},"content":{"rendered":"<div class=\"flex flex-col text-sm pb-25\">\n<article class=\"text-token-text-primary w-full focus:outline-none [--shadow-height:45px] has-data-writing-block:pointer-events-none has-data-writing-block:-mt-(--shadow-height) has-data-writing-block:pt-(--shadow-height) [&amp;:has([data-writing-block])&gt;*]:pointer-events-auto scroll-mt-[calc(var(--header-height)+min(200px,max(70px,20svh)))]\" dir=\"auto\" tabindex=\"-1\" data-turn-id=\"request-WEB:d924bdf0-79ca-4a8c-84ef-7871e750521a-17\" data-testid=\"conversation-turn-36\" data-scroll-anchor=\"true\" data-turn=\"assistant\">\n<div class=\"text-base my-auto mx-auto pb-10 [--thread-content-margin:--spacing(4)] @w-sm\/main:[--thread-content-margin:--spacing(6)] @w-lg\/main:[--thread-content-margin:--spacing(16)] px-(--thread-content-margin)\">\n<div class=\"[--thread-content-max-width:40rem] @w-lg\/main:[--thread-content-max-width:48rem] mx-auto max-w-(--thread-content-max-width) flex-1 group\/turn-messages focus-visible:outline-hidden relative flex w-full min-w-0 flex-col agent-turn\" tabindex=\"-1\">\n<div class=\"flex max-w-full flex-col grow\">\n<div class=\"min-h-8 text-message relative flex w-full flex-col items-end gap-2 text-start break-words whitespace-normal [.text-message+&amp;]:mt-1\" dir=\"auto\" data-message-author-role=\"assistant\" data-message-id=\"d86e5c9a-cb46-432d-ba46-d48e364ca1ea\" data-message-model-slug=\"gpt-5-2\">\n<div class=\"flex w-full flex-col gap-1 empty:hidden first:pt-[1px]\">\n<div class=\"markdown prose dark:prose-invert w-full wrap-break-word dark markdown-new-styling\">\n<p data-start=\"84\" data-end=\"453\" data-is-last-node=\"\" data-is-only-node=\"\">Der Yorrx ILLU Golfball Marker sorgt f\u00fcr schnelles und pr\u00e4zises Markieren auf dem Gr\u00fcn. Gefertigt aus leichtem, robustem Aluminium und ausgestattet mit starkem Magnet, sitzt der Marker sicher im Clip (z.B. auf deiner Kappe) und ist jederzeit griffbereit. Die ausgekl\u00fcgelte Orientierungshilfe unterst\u00fctzt Ihren Putt auf dem Green. Ideal f\u00fcr Training und Turnier.<\/p>\n<\/div>\n<\/div>\n<\/div>\n<\/div>\n<\/div>\n<\/div>\n<\/article>\n<\/div>\n<h2 data-start=\"416\" data-end=\"434\">Produktvorteile<\/h2>\n<ul data-start=\"435\" data-end=\"681\">\n<li data-start=\"435\" data-end=\"483\">\n<p data-start=\"437\" data-end=\"483\"><strong data-start=\"437\" data-end=\"470\">Schnelles Markieren des Balls<\/strong> auf dem Gr\u00fcn &#8211; mit Orientierungshilfe f\u00fcr besseren Putten<\/p>\n<\/li>\n<li data-start=\"484\" data-end=\"522\">\n<p data-start=\"486\" data-end=\"522\"><strong data-start=\"486\" data-end=\"504\">Starker Magnet<\/strong> f\u00fcr sicheren Halt<\/p>\n<\/li>\n<li data-start=\"523\" data-end=\"571\">\n<p data-start=\"525\" data-end=\"571\"><strong data-start=\"525\" data-end=\"545\">Leicht und flach<\/strong>, st\u00f6rt nicht beim Spielen<\/p>\n<\/li>\n<li data-start=\"572\" data-end=\"618\">\n<p data-start=\"574\" data-end=\"618\"><strong data-start=\"574\" data-end=\"596\">Robustes Aluminium<\/strong> f\u00fcr lange Lebensdauer<\/p>\n<\/li>\n<li data-start=\"619\" data-end=\"681\">\n<p data-start=\"621\" data-end=\"681\"><strong data-start=\"621\" data-end=\"655\">Modernes Yorrx\u00ae Illusion-Design<\/strong> f\u00fcr einen stilvollen Look<\/p>\n<\/li>\n<\/ul>\n<p>&nbsp;<\/p>\n<p><strong data-start=\"575\" data-end=\"614\">Dein Spiel. Dein Stil. Dein Marker.<\/strong><br data-start=\"614\" data-end=\"617\" \/>Mit unserem Ballmarker-Clip hast du deinen Marker immer dort, wo du ihn brauchst \u2013 direkt an deiner Cap. Kein Suchen in der Tasche, kein Stress auf dem Gr\u00fcn. Nur Fokus auf deinen n\u00e4chsten Putt.<\/p>\n","protected":false},"excerpt":{"rendered":"<p>Der Yorrx ILLU Golfball Marker sorgt f\u00fcr schnelles und pr\u00e4zises Markieren auf dem Gr\u00fcn. Gefertigt aus leichtem, robustem Aluminium und ausgestattet mit starkem Magnet, sitzt der Marker sicher im Clip (z.B. auf deiner Kappe) und ist jederzeit griffbereit. Die ausgekl\u00fcgelte Orientierungshilfe unterst\u00fctzt Ihren Putt auf dem Green. Ideal f\u00fcr Training und Turnier. Produktvorteile Schnelles Markieren [&hellip;]<\/p>\n","protected":false},"featured_media":1081,"comment_status":"open","ping_status":"closed","template":"","meta":{"_monsterinsights_skip_tracking":false,"_monsterinsights_sitenote_active":false,"_monsterinsights_sitenote_note":"","_monsterinsights_sitenote_category":0,"_uf_show_specific_survey":0,"_uf_disable_surveys":false},"product_brand":[],"product_cat":[29],"product_tag":[36],"class_list":{"0":"post-1023","1":"product","2":"type-product","3":"status-publish","4":"has-post-thumbnail","6":"product_cat-golf-accessories","7":"product_tag-golf","9":"first","10":"instock","11":"taxable","12":"shipping-taxable","13":"purchasable","14":"product-type-simple"},"aioseo_notices":[],"jetpack_sharing_enabled":true,"_links":{"self":[{"href":"https:\/\/yorrx.com\/en\/wp-json\/wp\/v2\/product\/1023","targetHints":{"allow":["GET"]}}],"collection":[{"href":"https:\/\/yorrx.com\/en\/wp-json\/wp\/v2\/product"}],"about":[{"href":"https:\/\/yorrx.com\/en\/wp-json\/wp\/v2\/types\/product"}],"replies":[{"embeddable":true,"href":"https:\/\/yorrx.com\/en\/wp-json\/wp\/v2\/comments?post=1023"}],"wp:featuredmedia":[{"embeddable":true,"href":"https:\/\/yorrx.com\/en\/wp-json\/wp\/v2\/media\/1081"}],"wp:attachment":[{"href":"https:\/\/yorrx.com\/en\/wp-json\/wp\/v2\/media?parent=1023"}],"wp:term":[{"taxonomy":"product_brand","embeddable":true,"href":"https:\/\/yorrx.com\/en\/wp-json\/wp\/v2\/product_brand?post=1023"},{"taxonomy":"product_cat","embeddable":true,"href":"https:\/\/yorrx.com\/en\/wp-json\/wp\/v2\/product_cat?post=1023"},{"taxonomy":"product_tag","embeddable":true,"href":"https:\/\/yorrx.com\/en\/wp-json\/wp\/v2\/product_tag?post=1023"}],"curies":[{"name":"wp","href":"https:\/\/api.w.org\/{rel}","templated":true}]}}