{"id":88,"date":"2026-01-12T09:55:15","date_gmt":"2026-01-12T09:55:15","guid":{"rendered":"https:\/\/staging.yorrx.com\/?post_type=product&#038;p=88"},"modified":"2026-01-27T12:57:43","modified_gmt":"2026-01-27T12:57:43","slug":"yorrx-golfball-special-edition-babe-8","status":"publish","type":"product","link":"https:\/\/yorrx.com\/en\/product\/yorrx-golfball-special-edition-babe-8\/","title":{"rendered":"Yorrx\u00ae Golfball Special Edition &#8222;BABE 8&#8220;"},"content":{"rendered":"<p class=\"isSelectedEnd\"><strong>Yorrx\u00ae \u201eBabe 8\u201c \u2013 Special Edition<\/strong><\/p>\n<p class=\"isSelectedEnd\"><strong><br \/>\nMehr L\u00e4nge. Mehr Spa\u00df. Kein Drama.<\/strong><\/p>\n<p class=\"isSelectedEnd\">Der <strong>Babe 8<\/strong> ist der Golfball f\u00fcr alle, die einfach <strong>draufhauen und genie\u00dfen<\/strong> wollen. Sein <strong>2-Piece-Design<\/strong> mit festem Kern liefert dir ordentlich <strong>L\u00e4nge vom Tee<\/strong>, w\u00e4hrend die <strong>robuste Surlyn-Schale<\/strong> auch dann durchh\u00e4lt, wenn\u2019s mal nicht perfekt l\u00e4uft.<\/p>\n<p class=\"isSelectedEnd\">Das <strong>392-Dimple-Design<\/strong> sorgt f\u00fcr einen stabilen Ballflug \u2013 egal ob auf der gro\u00dfen Runde, beim Feierabend-Golf oder einfach just for fun. Kein Schnickschnack, kein Stress \u2013 nur <strong>solide Performance und gute Laune auf dem Platz<\/strong>.<\/p>\n<p class=\"isSelectedEnd\"><strong>Warum ein Babe 8 Golfball?<\/strong><\/p>\n<ul data-spread=\"false\">\n<li>\n<p class=\"isSelectedEnd\">Kraftvolle Abschl\u00e4ge dank festem Kern<\/p>\n<\/li>\n<li>\n<p class=\"isSelectedEnd\">Langlebig &amp; zuverl\u00e4ssig<\/p>\n<\/li>\n<li>\n<p class=\"isSelectedEnd\">Stabiler Ballflug<\/p>\n<\/li>\n<li>\n<p class=\"isSelectedEnd\">Special Edition mit Charakter<\/p>\n<\/li>\n<\/ul>\n<p><strong>Play your game. Anywhere. Anytime.<\/strong> \u26f3<\/p>\n<p>&nbsp;<\/p>","protected":false},"excerpt":{"rendered":"<p>Yorrx\u00ae \u201eBabe 8\u201c \u2013 Special Edition Mehr L\u00e4nge. Mehr Spa\u00df. Kein Drama. Der Babe 8 ist der Golfball f\u00fcr alle, die einfach draufhauen und genie\u00dfen wollen. Sein 2-Piece-Design mit festem Kern liefert dir ordentlich L\u00e4nge vom Tee, w\u00e4hrend die robuste Surlyn-Schale auch dann durchh\u00e4lt, wenn\u2019s mal nicht perfekt l\u00e4uft. Das 392-Dimple-Design sorgt f\u00fcr einen stabilen [&hellip;]<\/p>\n","protected":false},"featured_media":486,"comment_status":"open","ping_status":"closed","template":"","meta":{"_monsterinsights_skip_tracking":false,"_monsterinsights_sitenote_active":false,"_monsterinsights_sitenote_note":"","_monsterinsights_sitenote_category":0,"_uf_show_specific_survey":0,"_uf_disable_surveys":false},"product_brand":[],"product_cat":[29],"product_tag":[],"class_list":{"0":"post-88","1":"product","2":"type-product","3":"status-publish","4":"has-post-thumbnail","6":"product_cat-golf-accessories","8":"first","9":"instock","10":"sale","11":"taxable","12":"shipping-taxable","13":"purchasable","14":"product-type-variable"},"aioseo_notices":[],"jetpack_sharing_enabled":true,"_links":{"self":[{"href":"https:\/\/yorrx.com\/en\/wp-json\/wp\/v2\/product\/88","targetHints":{"allow":["GET"]}}],"collection":[{"href":"https:\/\/yorrx.com\/en\/wp-json\/wp\/v2\/product"}],"about":[{"href":"https:\/\/yorrx.com\/en\/wp-json\/wp\/v2\/types\/product"}],"replies":[{"embeddable":true,"href":"https:\/\/yorrx.com\/en\/wp-json\/wp\/v2\/comments?post=88"}],"wp:featuredmedia":[{"embeddable":true,"href":"https:\/\/yorrx.com\/en\/wp-json\/wp\/v2\/media\/486"}],"wp:attachment":[{"href":"https:\/\/yorrx.com\/en\/wp-json\/wp\/v2\/media?parent=88"}],"wp:term":[{"taxonomy":"product_brand","embeddable":true,"href":"https:\/\/yorrx.com\/en\/wp-json\/wp\/v2\/product_brand?post=88"},{"taxonomy":"product_cat","embeddable":true,"href":"https:\/\/yorrx.com\/en\/wp-json\/wp\/v2\/product_cat?post=88"},{"taxonomy":"product_tag","embeddable":true,"href":"https:\/\/yorrx.com\/en\/wp-json\/wp\/v2\/product_tag?post=88"}],"curies":[{"name":"wp","href":"https:\/\/api.w.org\/{rel}","templated":true}]}}