{"id":92,"date":"2026-01-12T09:59:39","date_gmt":"2026-01-12T09:59:39","guid":{"rendered":"https:\/\/staging.yorrx.com\/?post_type=product&#038;p=92"},"modified":"2026-03-29T18:21:07","modified_gmt":"2026-03-29T17:21:07","slug":"yorrx-golf-edelstahl-regenschirmhalter-fur-bis-zu-38mm-griffdurchmesser-schraubfixierung-m8-gewinde","status":"publish","type":"product","link":"https:\/\/yorrx.com\/en\/product\/yorrx-golf-edelstahl-regenschirmhalter-fur-bis-zu-38mm-griffdurchmesser-schraubfixierung-m8-gewinde\/","title":{"rendered":"Yorrx\u00ae Golf Edelstahl Regenschirmhalter f\u00fcr bis zu 38mm Griffdurchmesser (Schraubfixierung M8 Gewinde)"},"content":{"rendered":"<p>Der Yorrx\u00ae Edelstahl Regenschirmhalter<\/p>\n<ul>\n<li>\n<div id=\"cc-shop-product-desc-text-11250961594\" class=\"description\">\n<ul>\n<li>Starker &#8222;Stainless Steel&#8220; &#8211; Edestahl Regenschirmhalter f\u00fcr Golftrolleys mit\u00a0 vorhandenem M8 Schraubgewinde<\/li>\n<li>schnelle und einfache Montage am Trolley\u00a0 (Regenschrimhalter ohne Werkzeug in das vorhandene Schraubgewinde am Trolley eindrehen und Regenschirm mit Spanngummi sichern)<\/li>\n<li>H\u00fclseninnendurchmesser 38mm (16,5cm L\u00e4nge)<\/li>\n<li>starke, massive Ausf\u00fchrung mit extrastarker Stift-H\u00fclse Verschwei\u00dfung<\/li>\n<li>passend zu allen g\u00e4ngigen Markentrolleys mit vorhandenem Schraubgewinde<\/li>\n<\/ul>\n<\/div>\n<\/li>\n<\/ul>","protected":false},"excerpt":{"rendered":"<p>Der Yorrx\u00ae Edelstahl Regenschirmhalter Starker &#8222;Stainless Steel&#8220; &#8211; Edestahl Regenschirmhalter f\u00fcr Golftrolleys mit\u00a0 vorhandenem M8 Schraubgewinde schnelle und einfache Montage am Trolley\u00a0 (Regenschrimhalter ohne Werkzeug in das vorhandene Schraubgewinde am Trolley eindrehen und Regenschirm mit Spanngummi sichern) H\u00fclseninnendurchmesser 38mm (16,5cm L\u00e4nge) starke, massive Ausf\u00fchrung mit extrastarker Stift-H\u00fclse Verschwei\u00dfung passend zu allen g\u00e4ngigen Markentrolleys mit vorhandenem [&hellip;]<\/p>\n","protected":false},"featured_media":447,"comment_status":"open","ping_status":"closed","template":"","meta":{"_monsterinsights_skip_tracking":false,"_monsterinsights_sitenote_active":false,"_monsterinsights_sitenote_note":"","_monsterinsights_sitenote_category":0,"_uf_show_specific_survey":0,"_uf_disable_surveys":false},"product_brand":[],"product_cat":[29],"product_tag":[],"class_list":{"0":"post-92","1":"product","2":"type-product","3":"status-publish","4":"has-post-thumbnail","6":"product_cat-golf-accessories","8":"first","9":"instock","10":"taxable","11":"shipping-taxable","12":"purchasable","13":"product-type-simple"},"aioseo_notices":[],"jetpack_sharing_enabled":true,"_links":{"self":[{"href":"https:\/\/yorrx.com\/en\/wp-json\/wp\/v2\/product\/92","targetHints":{"allow":["GET"]}}],"collection":[{"href":"https:\/\/yorrx.com\/en\/wp-json\/wp\/v2\/product"}],"about":[{"href":"https:\/\/yorrx.com\/en\/wp-json\/wp\/v2\/types\/product"}],"replies":[{"embeddable":true,"href":"https:\/\/yorrx.com\/en\/wp-json\/wp\/v2\/comments?post=92"}],"wp:featuredmedia":[{"embeddable":true,"href":"https:\/\/yorrx.com\/en\/wp-json\/wp\/v2\/media\/447"}],"wp:attachment":[{"href":"https:\/\/yorrx.com\/en\/wp-json\/wp\/v2\/media?parent=92"}],"wp:term":[{"taxonomy":"product_brand","embeddable":true,"href":"https:\/\/yorrx.com\/en\/wp-json\/wp\/v2\/product_brand?post=92"},{"taxonomy":"product_cat","embeddable":true,"href":"https:\/\/yorrx.com\/en\/wp-json\/wp\/v2\/product_cat?post=92"},{"taxonomy":"product_tag","embeddable":true,"href":"https:\/\/yorrx.com\/en\/wp-json\/wp\/v2\/product_tag?post=92"}],"curies":[{"name":"wp","href":"https:\/\/api.w.org\/{rel}","templated":true}]}}