{"id":93,"date":"2026-01-12T09:59:57","date_gmt":"2026-01-12T09:59:57","guid":{"rendered":"https:\/\/staging.yorrx.com\/?post_type=product&#038;p=93"},"modified":"2026-01-17T12:40:29","modified_gmt":"2026-01-17T12:40:29","slug":"yorrx-umbrella-holder-tour-x-spezial-inkl-rahmenadapter","status":"publish","type":"product","link":"https:\/\/yorrx.com\/en\/product\/yorrx-umbrella-holder-tour-x-spezial-inkl-rahmenadapter\/","title":{"rendered":"Yorrx\u00ae Umbrella Holder &#8222;Tour-X Spezial&#8220; &#8211; inkl. multifit Rahmenadapter"},"content":{"rendered":"<p style=\"font-weight: 400;\">Der Yorrx\u00ae Regenschirmhalter &#8222;Tour-X Spezial&#8220; passt perfekt zu allen Yorrx Golftrolleys. Die schnelle Schraubmontage aber auch einfaches Wegkippen oder abnehmen. Schnell und stabil f\u00fcr Freude beim n\u00e4chsten Regen\/Sonneneinsatz. Jetzt auch mit zus\u00e4tzlicher Verl\u00e4ngerung &#8222;Extension&#8220; verf\u00fcgbar. Einfach smart- Yorrx\u00ae!<\/p>\n<ul style=\"font-weight: 400;\">\n<li>Golf\u00a0Regenschirmhalter f\u00fcr\u00a0Yorrx\u00ae Golftrolleys bzw. mit inkludierten Adapter f\u00fcr nahezu jeden Golftrolley Rahmen<\/li>\n<li>Schnelle und einfache Montage bzw. Verwahrung am Trolley (Klips z.B. am Trolley Pro7 bereits vormontiert)<\/li>\n<li>f\u00fcr alle Golf Regenschirme \/ Sonnenschirme mit max. 3,8cm Griffdurchmesser<\/li>\n<li>Original Yorrx\u00ae Golftrolley Zubeh\u00f6r<\/li>\n<li>14,5cm Schaftl\u00e4nge<\/li>\n<li>Geeignet auch f\u00fcr viele\u00a0\u00e4hnliche Modelle anderer Hersteller (Adapter inkludiert &#8211; rund oder eckig bis 4cm Durchmesser)<\/li>\n<li>Kein zus\u00e4tzlichen Adapter f\u00fcr den Golftrolley notwendig!<\/li>\n<\/ul>\n<p style=\"font-weight: 400;\"><strong>Optional separat erh\u00e4ltlich:<\/strong><\/p>\n<ol>\n<li style=\"font-weight: 400;\">A) Yorrx\u00ae Regenschirmhalter Verl\u00e4ngerung (Tour-X Extension)<\/li>\n<\/ol>\n<ul style=\"font-weight: 400;\">\n<li>extra Verl\u00e4ngerung f\u00fcr besonders gro\u00df gewachsene Golfspieler\/innen<\/li>\n<li>passend zum Yorrx Umbrella Holder &#8222;Tour-X&#8220;<\/li>\n<li>+15cm mehr &#8222;Spielraum&#8220; unterm Golfhimmel \ud83d\ude42<\/li>\n<\/ul>","protected":false},"excerpt":{"rendered":"<p>Der Yorrx\u00ae Regenschirmhalter &#8222;Tour-X Spezial&#8220; passt perfekt zu allen Yorrx Golftrolleys. Die schnelle Schraubmontage aber auch einfaches Wegkippen oder abnehmen. Schnell und stabil f\u00fcr Freude beim n\u00e4chsten Regen\/Sonneneinsatz. Jetzt auch mit zus\u00e4tzlicher Verl\u00e4ngerung &#8222;Extension&#8220; verf\u00fcgbar. Einfach smart- Yorrx\u00ae! Golf\u00a0Regenschirmhalter f\u00fcr\u00a0Yorrx\u00ae Golftrolleys bzw. mit inkludierten Adapter f\u00fcr nahezu jeden Golftrolley Rahmen Schnelle und einfache Montage bzw. [&hellip;]<\/p>\n","protected":false},"featured_media":455,"comment_status":"open","ping_status":"closed","template":"","meta":{"_monsterinsights_skip_tracking":false,"_monsterinsights_sitenote_active":false,"_monsterinsights_sitenote_note":"","_monsterinsights_sitenote_category":0,"_uf_show_specific_survey":0,"_uf_disable_surveys":false},"product_brand":[],"product_cat":[29],"product_tag":[],"class_list":{"0":"post-93","1":"product","2":"type-product","3":"status-publish","4":"has-post-thumbnail","6":"product_cat-golf-accessories","8":"first","9":"instock","10":"taxable","11":"shipping-taxable","12":"purchasable","13":"product-type-simple"},"aioseo_notices":[],"jetpack_sharing_enabled":true,"_links":{"self":[{"href":"https:\/\/yorrx.com\/en\/wp-json\/wp\/v2\/product\/93","targetHints":{"allow":["GET"]}}],"collection":[{"href":"https:\/\/yorrx.com\/en\/wp-json\/wp\/v2\/product"}],"about":[{"href":"https:\/\/yorrx.com\/en\/wp-json\/wp\/v2\/types\/product"}],"replies":[{"embeddable":true,"href":"https:\/\/yorrx.com\/en\/wp-json\/wp\/v2\/comments?post=93"}],"wp:featuredmedia":[{"embeddable":true,"href":"https:\/\/yorrx.com\/en\/wp-json\/wp\/v2\/media\/455"}],"wp:attachment":[{"href":"https:\/\/yorrx.com\/en\/wp-json\/wp\/v2\/media?parent=93"}],"wp:term":[{"taxonomy":"product_brand","embeddable":true,"href":"https:\/\/yorrx.com\/en\/wp-json\/wp\/v2\/product_brand?post=93"},{"taxonomy":"product_cat","embeddable":true,"href":"https:\/\/yorrx.com\/en\/wp-json\/wp\/v2\/product_cat?post=93"},{"taxonomy":"product_tag","embeddable":true,"href":"https:\/\/yorrx.com\/en\/wp-json\/wp\/v2\/product_tag?post=93"}],"curies":[{"name":"wp","href":"https:\/\/api.w.org\/{rel}","templated":true}]}}