{"id":96,"date":"2026-01-12T10:04:10","date_gmt":"2026-01-12T10:04:10","guid":{"rendered":"https:\/\/staging.yorrx.com\/?post_type=product&#038;p=96"},"modified":"2026-01-28T16:36:59","modified_gmt":"2026-01-28T16:36:59","slug":"yorrx-slim-lion-4s-pro-golftrolley-edelstahl","status":"publish","type":"product","link":"https:\/\/yorrx.com\/en\/product\/yorrx-slim-lion-4s-pro-golftrolley-edelstahl\/","title":{"rendered":"Yorrx\u00ae Slim Lion 4S Pro Golftrolley (Edelstahl) &#8211; PLUS"},"content":{"rendered":"<p style=\"font-weight: 400;\"><strong>Entdecken Sie den neuen Yorrx\u00ae Slim Lion 4S Edelstahltrolley!<\/strong><\/p>\n<p style=\"font-weight: 400;\">Der Yorrx\u00ae Slim Lion 4S Edelstahltrolley wurde weiter verbessert und ist nun ein Top-Trolley im Edelstahlsegment. Er bietet einige \u00fcberzeugende Features, die ihn zu einem Muss f\u00fcr jeden Golfer machen.<\/p>\n<p style=\"font-weight: 400;\"><strong>Bew\u00e4hrtes Gummispanner-System<\/strong>: Der neue 4S Trolley verf\u00fcgt nun ebenfalls \u00fcber das bew\u00e4hrte Gummispanner-System mit fixierter Position, das eine sichere Befestigung Ihres Golfbags gew\u00e4hrleistet.<\/p>\n<p style=\"font-weight: 400;\"><strong>Verbesserte obere Baghaltergabel<\/strong>: Die obere Baghaltergabel wurde verbessert und l\u00e4sst sich jetzt optimal f\u00fcr jeden Golfbag im Winkel einstellen. Egal welche Gr\u00f6\u00dfe oder Form Ihr Golfbag hat, der Yorrx\u00ae Slim Lion 4S passt sich perfekt an.<\/p>\n<p style=\"font-weight: 400;\"><strong>Stabil und komfortabel:<\/strong>\u00a0Dank des breiten Achsenabstands ist ein bequemes und stabiles Vorankommen auch in unwegsamem Gel\u00e4nde eine Leichtigkeit.<\/p>\n<p style=\"font-weight: 400;\"><strong>Kompakt und reisefreundlich<\/strong>: Der kompakte Edelstahl-Golftrolley l\u00e4sst sich ohne Werkzeug im Auto auf geringstem Stauraum verpacken. Mit der inkludierten Yorrx Golftrolley Transporttasche kann er bequem f\u00fcr jeden Flug eingecheckt werden.<\/p>\n<p style=\"font-weight: 400;\">Ein Edelstahl Golftrolley der Spa\u00df macht! Moderne Optik im eleganten &#8222;Wave-Design&#8220;; geringes Transportgewicht; optimale Stabilit\u00e4t f\u00fcr jeden Golfbag; m\u00fcheloser Auf- bzw. Abbau; durchdachte,\u00a0\u00a0dauerhafte Technik; h\u00f6henverstellbare Griffstange. Ein echter Yorrx<sup>\u00ae<\/sup>.<\/p>","protected":false},"excerpt":{"rendered":"<p>Entdecken Sie den neuen Yorrx\u00ae Slim Lion 4S Edelstahltrolley! Der Yorrx\u00ae Slim Lion 4S Edelstahltrolley wurde weiter verbessert und ist nun ein Top-Trolley im Edelstahlsegment. Er bietet einige \u00fcberzeugende Features, die ihn zu einem Muss f\u00fcr jeden Golfer machen. Bew\u00e4hrtes Gummispanner-System: Der neue 4S Trolley verf\u00fcgt nun ebenfalls \u00fcber das bew\u00e4hrte Gummispanner-System mit fixierter Position, [&hellip;]<\/p>\n","protected":false},"featured_media":485,"comment_status":"open","ping_status":"closed","template":"","meta":{"_monsterinsights_skip_tracking":false,"_monsterinsights_sitenote_active":false,"_monsterinsights_sitenote_note":"","_monsterinsights_sitenote_category":0,"_uf_show_specific_survey":0,"_uf_disable_surveys":false},"product_brand":[],"product_cat":[27],"product_tag":[],"class_list":{"0":"post-96","1":"product","2":"type-product","3":"status-publish","4":"has-post-thumbnail","6":"product_cat-golf-trolleys","8":"first","9":"outofstock","10":"taxable","11":"shipping-taxable","12":"purchasable","13":"product-type-simple"},"aioseo_notices":[],"jetpack_sharing_enabled":true,"_links":{"self":[{"href":"https:\/\/yorrx.com\/en\/wp-json\/wp\/v2\/product\/96","targetHints":{"allow":["GET"]}}],"collection":[{"href":"https:\/\/yorrx.com\/en\/wp-json\/wp\/v2\/product"}],"about":[{"href":"https:\/\/yorrx.com\/en\/wp-json\/wp\/v2\/types\/product"}],"replies":[{"embeddable":true,"href":"https:\/\/yorrx.com\/en\/wp-json\/wp\/v2\/comments?post=96"}],"wp:featuredmedia":[{"embeddable":true,"href":"https:\/\/yorrx.com\/en\/wp-json\/wp\/v2\/media\/485"}],"wp:attachment":[{"href":"https:\/\/yorrx.com\/en\/wp-json\/wp\/v2\/media?parent=96"}],"wp:term":[{"taxonomy":"product_brand","embeddable":true,"href":"https:\/\/yorrx.com\/en\/wp-json\/wp\/v2\/product_brand?post=96"},{"taxonomy":"product_cat","embeddable":true,"href":"https:\/\/yorrx.com\/en\/wp-json\/wp\/v2\/product_cat?post=96"},{"taxonomy":"product_tag","embeddable":true,"href":"https:\/\/yorrx.com\/en\/wp-json\/wp\/v2\/product_tag?post=96"}],"curies":[{"name":"wp","href":"https:\/\/api.w.org\/{rel}","templated":true}]}}